{"id":224,"date":"2026-02-16T12:16:54","date_gmt":"2026-02-16T12:16:54","guid":{"rendered":"https:\/\/bookapartment.pl\/?page_id=224"},"modified":"2026-02-18T13:36:47","modified_gmt":"2026-02-18T13:36:47","slug":"mieszkanie-nr5","status":"publish","type":"page","link":"https:\/\/bookapartment.pl\/index.php\/mieszkanie-nr5\/","title":{"rendered":"Mieszkanie nr5"},"content":{"rendered":"\n<p>Lokalizacja: Rzesz\u00f3w, ul. Karpa<\/p>\n\n\n\n<p>Max ob\u0142o\u017cenie: 6 os\u00f3b<\/p>\n\n\n\n<p>z ogr\u00f3dkiem<\/p>\n\n\n\n<figure class=\"wp-block-gallery has-nested-images columns-default is-cropped wp-block-gallery-1 is-layout-flex wp-block-gallery-is-layout-flex\">\n<figure class=\"wp-block-image size-large\"><img loading=\"lazy\" decoding=\"async\" width=\"577\" height=\"1024\" data-id=\"234\" src=\"https:\/\/bookapartment.pl\/wp-content\/uploads\/2026\/02\/img-20240209-wa0003-577x1024.jpg\" alt=\"\" class=\"wp-image-234\" srcset=\"https:\/\/bookapartment.pl\/wp-content\/uploads\/2026\/02\/img-20240209-wa0003-577x1024.jpg 577w, https:\/\/bookapartment.pl\/wp-content\/uploads\/2026\/02\/img-20240209-wa0003-169x300.jpg 169w, https:\/\/bookapartment.pl\/wp-content\/uploads\/2026\/02\/img-20240209-wa0003-768x1364.jpg 768w, https:\/\/bookapartment.pl\/wp-content\/uploads\/2026\/02\/img-20240209-wa0003-865x1536.jpg 865w, https:\/\/bookapartment.pl\/wp-content\/uploads\/2026\/02\/img-20240209-wa0003.jpg 1153w\" sizes=\"auto, (max-width: 577px) 100vw, 577px\" \/><\/figure>\n\n\n\n<figure class=\"wp-block-image size-large\"><img loading=\"lazy\" decoding=\"async\" width=\"577\" height=\"1024\" data-id=\"235\" src=\"https:\/\/bookapartment.pl\/wp-content\/uploads\/2026\/02\/img-20240209-wa0013-577x1024.jpg\" alt=\"\" class=\"wp-image-235\" srcset=\"https:\/\/bookapartment.pl\/wp-content\/uploads\/2026\/02\/img-20240209-wa0013-577x1024.jpg 577w, https:\/\/bookapartment.pl\/wp-content\/uploads\/2026\/02\/img-20240209-wa0013-169x300.jpg 169w, https:\/\/bookapartment.pl\/wp-content\/uploads\/2026\/02\/img-20240209-wa0013-768x1364.jpg 768w, https:\/\/bookapartment.pl\/wp-content\/uploads\/2026\/02\/img-20240209-wa0013-865x1536.jpg 865w, https:\/\/bookapartment.pl\/wp-content\/uploads\/2026\/02\/img-20240209-wa0013.jpg 1153w\" sizes=\"auto, (max-width: 577px) 100vw, 577px\" \/><\/figure>\n\n\n\n<figure class=\"wp-block-image size-large\"><img loading=\"lazy\" decoding=\"async\" width=\"577\" height=\"1024\" data-id=\"236\" src=\"https:\/\/bookapartment.pl\/wp-content\/uploads\/2026\/02\/img-20240209-wa0015-577x1024.jpg\" alt=\"\" class=\"wp-image-236\" srcset=\"https:\/\/bookapartment.pl\/wp-content\/uploads\/2026\/02\/img-20240209-wa0015-577x1024.jpg 577w, https:\/\/bookapartment.pl\/wp-content\/uploads\/2026\/02\/img-20240209-wa0015-169x300.jpg 169w, https:\/\/bookapartment.pl\/wp-content\/uploads\/2026\/02\/img-20240209-wa0015-768x1364.jpg 768w, https:\/\/bookapartment.pl\/wp-content\/uploads\/2026\/02\/img-20240209-wa0015-865x1536.jpg 865w, https:\/\/bookapartment.pl\/wp-content\/uploads\/2026\/02\/img-20240209-wa0015.jpg 1153w\" sizes=\"auto, (max-width: 577px) 100vw, 577px\" \/><\/figure>\n\n\n\n<figure class=\"wp-block-image size-large\"><img loading=\"lazy\" decoding=\"async\" width=\"577\" height=\"1024\" data-id=\"238\" src=\"https:\/\/bookapartment.pl\/wp-content\/uploads\/2026\/02\/img-20240209-wa0019-577x1024.jpg\" alt=\"\" class=\"wp-image-238\" srcset=\"https:\/\/bookapartment.pl\/wp-content\/uploads\/2026\/02\/img-20240209-wa0019-577x1024.jpg 577w, https:\/\/bookapartment.pl\/wp-content\/uploads\/2026\/02\/img-20240209-wa0019-169x300.jpg 169w, https:\/\/bookapartment.pl\/wp-content\/uploads\/2026\/02\/img-20240209-wa0019-768x1364.jpg 768w, https:\/\/bookapartment.pl\/wp-content\/uploads\/2026\/02\/img-20240209-wa0019-865x1536.jpg 865w, https:\/\/bookapartment.pl\/wp-content\/uploads\/2026\/02\/img-20240209-wa0019.jpg 1153w\" sizes=\"auto, (max-width: 577px) 100vw, 577px\" \/><\/figure>\n\n\n\n<figure class=\"wp-block-image size-large\"><img loading=\"lazy\" decoding=\"async\" width=\"577\" height=\"1024\" data-id=\"237\" src=\"https:\/\/bookapartment.pl\/wp-content\/uploads\/2026\/02\/img-20240529-wa00041-577x1024.jpg\" alt=\"\" class=\"wp-image-237\" srcset=\"https:\/\/bookapartment.pl\/wp-content\/uploads\/2026\/02\/img-20240529-wa00041-577x1024.jpg 577w, https:\/\/bookapartment.pl\/wp-content\/uploads\/2026\/02\/img-20240529-wa00041-169x300.jpg 169w, https:\/\/bookapartment.pl\/wp-content\/uploads\/2026\/02\/img-20240529-wa00041-768x1364.jpg 768w, https:\/\/bookapartment.pl\/wp-content\/uploads\/2026\/02\/img-20240529-wa00041-865x1536.jpg 865w, https:\/\/bookapartment.pl\/wp-content\/uploads\/2026\/02\/img-20240529-wa00041.jpg 1153w\" sizes=\"auto, (max-width: 577px) 100vw, 577px\" \/><\/figure>\n<\/figure>\n","protected":false},"excerpt":{"rendered":"<p>Lokalizacja: Rzesz\u00f3w, ul. Karpa Max ob\u0142o\u017cenie: 6 os\u00f3b z ogr\u00f3dkiem<\/p>\n","protected":false},"author":2,"featured_media":0,"parent":0,"menu_order":0,"comment_status":"closed","ping_status":"closed","template":"","meta":{"footnotes":""},"class_list":["post-224","page","type-page","status-publish","hentry"],"_links":{"self":[{"href":"https:\/\/bookapartment.pl\/index.php\/wp-json\/wp\/v2\/pages\/224","targetHints":{"allow":["GET"]}}],"collection":[{"href":"https:\/\/bookapartment.pl\/index.php\/wp-json\/wp\/v2\/pages"}],"about":[{"href":"https:\/\/bookapartment.pl\/index.php\/wp-json\/wp\/v2\/types\/page"}],"author":[{"embeddable":true,"href":"https:\/\/bookapartment.pl\/index.php\/wp-json\/wp\/v2\/users\/2"}],"replies":[{"embeddable":true,"href":"https:\/\/bookapartment.pl\/index.php\/wp-json\/wp\/v2\/comments?post=224"}],"version-history":[{"count":3,"href":"https:\/\/bookapartment.pl\/index.php\/wp-json\/wp\/v2\/pages\/224\/revisions"}],"predecessor-version":[{"id":239,"href":"https:\/\/bookapartment.pl\/index.php\/wp-json\/wp\/v2\/pages\/224\/revisions\/239"}],"wp:attachment":[{"href":"https:\/\/bookapartment.pl\/index.php\/wp-json\/wp\/v2\/media?parent=224"}],"curies":[{"name":"wp","href":"https:\/\/api.w.org\/{rel}","templated":true}]}}