{"id":217,"date":"2026-02-16T12:15:27","date_gmt":"2026-02-16T12:15:27","guid":{"rendered":"https:\/\/bookapartment.pl\/?page_id=217"},"modified":"2026-02-18T13:40:37","modified_gmt":"2026-02-18T13:40:37","slug":"mieszkanie-nr-4","status":"publish","type":"page","link":"https:\/\/bookapartment.pl\/index.php\/mieszkanie-nr-4\/","title":{"rendered":"Mieszkanie nr4"},"content":{"rendered":"\n<p>Lokalizacja: Rzesz\u00f3w, ul. Sikorskiego<\/p>\n\n\n\n<p>Max ob\u0142o\u017cenie: 6 os\u00f3b<\/p>\n\n\n\n<p>ogr\u00f3dek i dwie sypialnie<\/p>\n\n\n\n<figure class=\"wp-block-gallery has-nested-images columns-default is-cropped wp-block-gallery-1 is-layout-flex wp-block-gallery-is-layout-flex\">\n<figure class=\"wp-block-image size-large\"><img loading=\"lazy\" decoding=\"async\" width=\"576\" height=\"1024\" data-id=\"246\" src=\"https:\/\/bookapartment.pl\/wp-content\/uploads\/2026\/02\/img-20240807-wa0021-576x1024.jpg\" alt=\"\" class=\"wp-image-246\" srcset=\"https:\/\/bookapartment.pl\/wp-content\/uploads\/2026\/02\/img-20240807-wa0021-576x1024.jpg 576w, https:\/\/bookapartment.pl\/wp-content\/uploads\/2026\/02\/img-20240807-wa0021-169x300.jpg 169w, https:\/\/bookapartment.pl\/wp-content\/uploads\/2026\/02\/img-20240807-wa0021-768x1365.jpg 768w, https:\/\/bookapartment.pl\/wp-content\/uploads\/2026\/02\/img-20240807-wa0021-864x1536.jpg 864w, https:\/\/bookapartment.pl\/wp-content\/uploads\/2026\/02\/img-20240807-wa0021.jpg 900w\" sizes=\"auto, (max-width: 576px) 100vw, 576px\" \/><\/figure>\n\n\n\n<figure class=\"wp-block-image size-large\"><img loading=\"lazy\" decoding=\"async\" width=\"768\" height=\"1024\" data-id=\"247\" src=\"https:\/\/bookapartment.pl\/wp-content\/uploads\/2026\/02\/img-20240810-wa0005-1-768x1024.jpg\" alt=\"\" class=\"wp-image-247\" srcset=\"https:\/\/bookapartment.pl\/wp-content\/uploads\/2026\/02\/img-20240810-wa0005-1-768x1024.jpg 768w, https:\/\/bookapartment.pl\/wp-content\/uploads\/2026\/02\/img-20240810-wa0005-1-225x300.jpg 225w, https:\/\/bookapartment.pl\/wp-content\/uploads\/2026\/02\/img-20240810-wa0005-1-1152x1536.jpg 1152w, https:\/\/bookapartment.pl\/wp-content\/uploads\/2026\/02\/img-20240810-wa0005-1-1170x1560.jpg 1170w, https:\/\/bookapartment.pl\/wp-content\/uploads\/2026\/02\/img-20240810-wa0005-1.jpg 1200w\" sizes=\"auto, (max-width: 768px) 100vw, 768px\" \/><\/figure>\n\n\n\n<figure class=\"wp-block-image size-large\"><img loading=\"lazy\" decoding=\"async\" width=\"768\" height=\"1024\" data-id=\"250\" src=\"https:\/\/bookapartment.pl\/wp-content\/uploads\/2026\/02\/img-20240810-wa00072-768x1024.jpg\" alt=\"\" class=\"wp-image-250\" srcset=\"https:\/\/bookapartment.pl\/wp-content\/uploads\/2026\/02\/img-20240810-wa00072-768x1024.jpg 768w, https:\/\/bookapartment.pl\/wp-content\/uploads\/2026\/02\/img-20240810-wa00072-225x300.jpg 225w, https:\/\/bookapartment.pl\/wp-content\/uploads\/2026\/02\/img-20240810-wa00072-1152x1536.jpg 1152w, https:\/\/bookapartment.pl\/wp-content\/uploads\/2026\/02\/img-20240810-wa00072-1170x1560.jpg 1170w, https:\/\/bookapartment.pl\/wp-content\/uploads\/2026\/02\/img-20240810-wa00072.jpg 1200w\" sizes=\"auto, (max-width: 768px) 100vw, 768px\" \/><\/figure>\n\n\n\n<figure class=\"wp-block-image size-large\"><img loading=\"lazy\" decoding=\"async\" width=\"768\" height=\"1024\" data-id=\"251\" src=\"https:\/\/bookapartment.pl\/wp-content\/uploads\/2026\/02\/img-20240810-wa00081-1-768x1024.jpg\" alt=\"\" class=\"wp-image-251\" srcset=\"https:\/\/bookapartment.pl\/wp-content\/uploads\/2026\/02\/img-20240810-wa00081-1-768x1024.jpg 768w, https:\/\/bookapartment.pl\/wp-content\/uploads\/2026\/02\/img-20240810-wa00081-1-225x300.jpg 225w, https:\/\/bookapartment.pl\/wp-content\/uploads\/2026\/02\/img-20240810-wa00081-1-1152x1536.jpg 1152w, https:\/\/bookapartment.pl\/wp-content\/uploads\/2026\/02\/img-20240810-wa00081-1-1170x1560.jpg 1170w, https:\/\/bookapartment.pl\/wp-content\/uploads\/2026\/02\/img-20240810-wa00081-1.jpg 1200w\" sizes=\"auto, (max-width: 768px) 100vw, 768px\" \/><\/figure>\n\n\n\n<figure class=\"wp-block-image size-large\"><img loading=\"lazy\" decoding=\"async\" width=\"577\" height=\"1024\" data-id=\"249\" src=\"https:\/\/bookapartment.pl\/wp-content\/uploads\/2026\/02\/img-20240810-wa0012-577x1024.jpg\" alt=\"\" class=\"wp-image-249\" srcset=\"https:\/\/bookapartment.pl\/wp-content\/uploads\/2026\/02\/img-20240810-wa0012-577x1024.jpg 577w, https:\/\/bookapartment.pl\/wp-content\/uploads\/2026\/02\/img-20240810-wa0012-169x300.jpg 169w, https:\/\/bookapartment.pl\/wp-content\/uploads\/2026\/02\/img-20240810-wa0012-768x1364.jpg 768w, https:\/\/bookapartment.pl\/wp-content\/uploads\/2026\/02\/img-20240810-wa0012-865x1536.jpg 865w, https:\/\/bookapartment.pl\/wp-content\/uploads\/2026\/02\/img-20240810-wa0012.jpg 901w\" sizes=\"auto, (max-width: 577px) 100vw, 577px\" \/><\/figure>\n\n\n\n<figure class=\"wp-block-image size-large\"><img loading=\"lazy\" decoding=\"async\" width=\"577\" height=\"1024\" data-id=\"252\" src=\"https:\/\/bookapartment.pl\/wp-content\/uploads\/2026\/02\/img-20240810-wa00142-577x1024.jpg\" alt=\"\" class=\"wp-image-252\" srcset=\"https:\/\/bookapartment.pl\/wp-content\/uploads\/2026\/02\/img-20240810-wa00142-577x1024.jpg 577w, https:\/\/bookapartment.pl\/wp-content\/uploads\/2026\/02\/img-20240810-wa00142-169x300.jpg 169w, https:\/\/bookapartment.pl\/wp-content\/uploads\/2026\/02\/img-20240810-wa00142-768x1364.jpg 768w, https:\/\/bookapartment.pl\/wp-content\/uploads\/2026\/02\/img-20240810-wa00142-865x1536.jpg 865w, https:\/\/bookapartment.pl\/wp-content\/uploads\/2026\/02\/img-20240810-wa00142.jpg 901w\" sizes=\"auto, (max-width: 577px) 100vw, 577px\" \/><\/figure>\n\n\n\n<figure class=\"wp-block-image size-large\"><img loading=\"lazy\" decoding=\"async\" width=\"577\" height=\"1024\" data-id=\"253\" src=\"https:\/\/bookapartment.pl\/wp-content\/uploads\/2026\/02\/img-20240810-wa0015-1-577x1024.jpg\" alt=\"\" class=\"wp-image-253\" srcset=\"https:\/\/bookapartment.pl\/wp-content\/uploads\/2026\/02\/img-20240810-wa0015-1-577x1024.jpg 577w, https:\/\/bookapartment.pl\/wp-content\/uploads\/2026\/02\/img-20240810-wa0015-1-169x300.jpg 169w, https:\/\/bookapartment.pl\/wp-content\/uploads\/2026\/02\/img-20240810-wa0015-1-768x1364.jpg 768w, https:\/\/bookapartment.pl\/wp-content\/uploads\/2026\/02\/img-20240810-wa0015-1-865x1536.jpg 865w, https:\/\/bookapartment.pl\/wp-content\/uploads\/2026\/02\/img-20240810-wa0015-1.jpg 901w\" sizes=\"auto, (max-width: 577px) 100vw, 577px\" \/><\/figure>\n\n\n\n<figure class=\"wp-block-image size-large\"><img loading=\"lazy\" decoding=\"async\" width=\"576\" height=\"1024\" data-id=\"248\" src=\"https:\/\/bookapartment.pl\/wp-content\/uploads\/2026\/02\/img-20240810-wa0016-576x1024.jpg\" alt=\"\" class=\"wp-image-248\" srcset=\"https:\/\/bookapartment.pl\/wp-content\/uploads\/2026\/02\/img-20240810-wa0016-576x1024.jpg 576w, https:\/\/bookapartment.pl\/wp-content\/uploads\/2026\/02\/img-20240810-wa0016-169x300.jpg 169w, https:\/\/bookapartment.pl\/wp-content\/uploads\/2026\/02\/img-20240810-wa0016-768x1365.jpg 768w, https:\/\/bookapartment.pl\/wp-content\/uploads\/2026\/02\/img-20240810-wa0016-864x1536.jpg 864w, https:\/\/bookapartment.pl\/wp-content\/uploads\/2026\/02\/img-20240810-wa0016.jpg 900w\" sizes=\"auto, (max-width: 576px) 100vw, 576px\" \/><\/figure>\n\n\n\n<figure class=\"wp-block-image size-large\"><img loading=\"lazy\" decoding=\"async\" width=\"577\" height=\"1024\" data-id=\"254\" src=\"https:\/\/bookapartment.pl\/wp-content\/uploads\/2026\/02\/img-20240810-wa0017-577x1024.jpg\" alt=\"\" class=\"wp-image-254\" srcset=\"https:\/\/bookapartment.pl\/wp-content\/uploads\/2026\/02\/img-20240810-wa0017-577x1024.jpg 577w, https:\/\/bookapartment.pl\/wp-content\/uploads\/2026\/02\/img-20240810-wa0017-169x300.jpg 169w, https:\/\/bookapartment.pl\/wp-content\/uploads\/2026\/02\/img-20240810-wa0017-768x1364.jpg 768w, https:\/\/bookapartment.pl\/wp-content\/uploads\/2026\/02\/img-20240810-wa0017-865x1536.jpg 865w, https:\/\/bookapartment.pl\/wp-content\/uploads\/2026\/02\/img-20240810-wa0017.jpg 901w\" sizes=\"auto, (max-width: 577px) 100vw, 577px\" \/><\/figure>\n<\/figure>\n","protected":false},"excerpt":{"rendered":"<p>Lokalizacja: Rzesz\u00f3w, ul. Sikorskiego Max ob\u0142o\u017cenie: 6 os\u00f3b ogr\u00f3dek i dwie sypialnie<\/p>\n","protected":false},"author":2,"featured_media":0,"parent":0,"menu_order":0,"comment_status":"closed","ping_status":"closed","template":"","meta":{"footnotes":""},"class_list":["post-217","page","type-page","status-publish","hentry"],"_links":{"self":[{"href":"https:\/\/bookapartment.pl\/index.php\/wp-json\/wp\/v2\/pages\/217","targetHints":{"allow":["GET"]}}],"collection":[{"href":"https:\/\/bookapartment.pl\/index.php\/wp-json\/wp\/v2\/pages"}],"about":[{"href":"https:\/\/bookapartment.pl\/index.php\/wp-json\/wp\/v2\/types\/page"}],"author":[{"embeddable":true,"href":"https:\/\/bookapartment.pl\/index.php\/wp-json\/wp\/v2\/users\/2"}],"replies":[{"embeddable":true,"href":"https:\/\/bookapartment.pl\/index.php\/wp-json\/wp\/v2\/comments?post=217"}],"version-history":[{"count":4,"href":"https:\/\/bookapartment.pl\/index.php\/wp-json\/wp\/v2\/pages\/217\/revisions"}],"predecessor-version":[{"id":255,"href":"https:\/\/bookapartment.pl\/index.php\/wp-json\/wp\/v2\/pages\/217\/revisions\/255"}],"wp:attachment":[{"href":"https:\/\/bookapartment.pl\/index.php\/wp-json\/wp\/v2\/media?parent=217"}],"curies":[{"name":"wp","href":"https:\/\/api.w.org\/{rel}","templated":true}]}}