{"id":166,"date":"2026-02-14T19:09:45","date_gmt":"2026-02-14T19:09:45","guid":{"rendered":"https:\/\/bookapartment.pl\/?page_id=166"},"modified":"2026-02-18T15:03:31","modified_gmt":"2026-02-18T15:03:31","slug":"blackwhite","status":"publish","type":"page","link":"https:\/\/bookapartment.pl\/index.php\/inwestycja\/blackwhite\/","title":{"rendered":"Mieszkanie nr3"},"content":{"rendered":"\n<p>Lokalizacja: Rzesz\u00f3w, ul. Zelwerowicza<\/p>\n\n\n\n<p>Max ob\u0142o\u017cenie: 5 os\u00f3b<\/p>\n\n\n\n<figure class=\"wp-block-gallery has-nested-images columns-default is-cropped wp-block-gallery-1 is-layout-flex wp-block-gallery-is-layout-flex\">\n<figure class=\"wp-block-image size-large\"><img loading=\"lazy\" decoding=\"async\" width=\"1024\" height=\"596\" data-id=\"263\" src=\"https:\/\/bookapartment.pl\/wp-content\/uploads\/2026\/02\/img-20230926-wa0004-1-1024x596.jpg\" alt=\"\" class=\"wp-image-263\" srcset=\"https:\/\/bookapartment.pl\/wp-content\/uploads\/2026\/02\/img-20230926-wa0004-1-1024x596.jpg 1024w, https:\/\/bookapartment.pl\/wp-content\/uploads\/2026\/02\/img-20230926-wa0004-1-300x175.jpg 300w, https:\/\/bookapartment.pl\/wp-content\/uploads\/2026\/02\/img-20230926-wa0004-1-768x447.jpg 768w, https:\/\/bookapartment.pl\/wp-content\/uploads\/2026\/02\/img-20230926-wa0004-1-1536x895.jpg 1536w, https:\/\/bookapartment.pl\/wp-content\/uploads\/2026\/02\/img-20230926-wa0004-1-1170x682.jpg 1170w, https:\/\/bookapartment.pl\/wp-content\/uploads\/2026\/02\/img-20230926-wa0004-1.jpg 1933w\" sizes=\"auto, (max-width: 1024px) 100vw, 1024px\" \/><\/figure>\n\n\n\n<figure class=\"wp-block-image size-large\"><img loading=\"lazy\" decoding=\"async\" width=\"577\" height=\"1024\" data-id=\"266\" src=\"https:\/\/bookapartment.pl\/wp-content\/uploads\/2026\/02\/img-20231122-wa0010-1-577x1024.jpg\" alt=\"\" class=\"wp-image-266\" srcset=\"https:\/\/bookapartment.pl\/wp-content\/uploads\/2026\/02\/img-20231122-wa0010-1-577x1024.jpg 577w, https:\/\/bookapartment.pl\/wp-content\/uploads\/2026\/02\/img-20231122-wa0010-1-169x300.jpg 169w, https:\/\/bookapartment.pl\/wp-content\/uploads\/2026\/02\/img-20231122-wa0010-1-768x1364.jpg 768w, https:\/\/bookapartment.pl\/wp-content\/uploads\/2026\/02\/img-20231122-wa0010-1-865x1536.jpg 865w, https:\/\/bookapartment.pl\/wp-content\/uploads\/2026\/02\/img-20231122-wa0010-1.jpg 1153w\" sizes=\"auto, (max-width: 577px) 100vw, 577px\" \/><\/figure>\n\n\n\n<figure class=\"wp-block-image size-large is-style-default\"><img loading=\"lazy\" decoding=\"async\" width=\"577\" height=\"1024\" data-id=\"264\" src=\"https:\/\/bookapartment.pl\/wp-content\/uploads\/2026\/02\/img-20231122-wa00111-1-577x1024.jpg\" alt=\"\" class=\"wp-image-264\" srcset=\"https:\/\/bookapartment.pl\/wp-content\/uploads\/2026\/02\/img-20231122-wa00111-1-577x1024.jpg 577w, https:\/\/bookapartment.pl\/wp-content\/uploads\/2026\/02\/img-20231122-wa00111-1-169x300.jpg 169w, https:\/\/bookapartment.pl\/wp-content\/uploads\/2026\/02\/img-20231122-wa00111-1-768x1364.jpg 768w, https:\/\/bookapartment.pl\/wp-content\/uploads\/2026\/02\/img-20231122-wa00111-1-865x1536.jpg 865w, https:\/\/bookapartment.pl\/wp-content\/uploads\/2026\/02\/img-20231122-wa00111-1.jpg 1153w\" sizes=\"auto, (max-width: 577px) 100vw, 577px\" \/><\/figure>\n\n\n\n<figure class=\"wp-block-image size-large\"><img loading=\"lazy\" decoding=\"async\" width=\"577\" height=\"1024\" data-id=\"265\" src=\"https:\/\/bookapartment.pl\/wp-content\/uploads\/2026\/02\/img-20231122-wa0020-1-1-577x1024.jpg\" alt=\"\" class=\"wp-image-265\" srcset=\"https:\/\/bookapartment.pl\/wp-content\/uploads\/2026\/02\/img-20231122-wa0020-1-1-577x1024.jpg 577w, https:\/\/bookapartment.pl\/wp-content\/uploads\/2026\/02\/img-20231122-wa0020-1-1-169x300.jpg 169w, https:\/\/bookapartment.pl\/wp-content\/uploads\/2026\/02\/img-20231122-wa0020-1-1-768x1364.jpg 768w, https:\/\/bookapartment.pl\/wp-content\/uploads\/2026\/02\/img-20231122-wa0020-1-1-865x1536.jpg 865w, https:\/\/bookapartment.pl\/wp-content\/uploads\/2026\/02\/img-20231122-wa0020-1-1.jpg 1153w\" sizes=\"auto, (max-width: 577px) 100vw, 577px\" \/><\/figure>\n\n\n\n<figure class=\"wp-block-image size-large\"><img loading=\"lazy\" decoding=\"async\" width=\"577\" height=\"1024\" data-id=\"276\" src=\"https:\/\/bookapartment.pl\/wp-content\/uploads\/2026\/02\/img-20240914-wa0003-1-577x1024.jpg\" alt=\"\" class=\"wp-image-276\" srcset=\"https:\/\/bookapartment.pl\/wp-content\/uploads\/2026\/02\/img-20240914-wa0003-1-577x1024.jpg 577w, https:\/\/bookapartment.pl\/wp-content\/uploads\/2026\/02\/img-20240914-wa0003-1-169x300.jpg 169w, https:\/\/bookapartment.pl\/wp-content\/uploads\/2026\/02\/img-20240914-wa0003-1-768x1364.jpg 768w, https:\/\/bookapartment.pl\/wp-content\/uploads\/2026\/02\/img-20240914-wa0003-1-865x1536.jpg 865w, https:\/\/bookapartment.pl\/wp-content\/uploads\/2026\/02\/img-20240914-wa0003-1.jpg 901w\" sizes=\"auto, (max-width: 577px) 100vw, 577px\" \/><\/figure>\n<\/figure>\n\n\n\n<p><\/p>\n","protected":false},"excerpt":{"rendered":"<p>Lokalizacja: Rzesz\u00f3w, ul. Zelwerowicza Max ob\u0142o\u017cenie: 5 os\u00f3b<\/p>\n","protected":false},"author":2,"featured_media":0,"parent":42,"menu_order":0,"comment_status":"closed","ping_status":"closed","template":"","meta":{"footnotes":""},"class_list":["post-166","page","type-page","status-publish","hentry"],"_links":{"self":[{"href":"https:\/\/bookapartment.pl\/index.php\/wp-json\/wp\/v2\/pages\/166","targetHints":{"allow":["GET"]}}],"collection":[{"href":"https:\/\/bookapartment.pl\/index.php\/wp-json\/wp\/v2\/pages"}],"about":[{"href":"https:\/\/bookapartment.pl\/index.php\/wp-json\/wp\/v2\/types\/page"}],"author":[{"embeddable":true,"href":"https:\/\/bookapartment.pl\/index.php\/wp-json\/wp\/v2\/users\/2"}],"replies":[{"embeddable":true,"href":"https:\/\/bookapartment.pl\/index.php\/wp-json\/wp\/v2\/comments?post=166"}],"version-history":[{"count":6,"href":"https:\/\/bookapartment.pl\/index.php\/wp-json\/wp\/v2\/pages\/166\/revisions"}],"predecessor-version":[{"id":280,"href":"https:\/\/bookapartment.pl\/index.php\/wp-json\/wp\/v2\/pages\/166\/revisions\/280"}],"up":[{"embeddable":true,"href":"https:\/\/bookapartment.pl\/index.php\/wp-json\/wp\/v2\/pages\/42"}],"wp:attachment":[{"href":"https:\/\/bookapartment.pl\/index.php\/wp-json\/wp\/v2\/media?parent=166"}],"curies":[{"name":"wp","href":"https:\/\/api.w.org\/{rel}","templated":true}]}}